{"id":157,"date":"2018-01-10T14:33:52","date_gmt":"2018-01-10T07:33:52","guid":{"rendered":"http:\/\/adi.loc\/?page_id=157"},"modified":"2023-12-15T16:37:02","modified_gmt":"2023-12-15T09:37:02","slug":"he-thong-phan-phoi","status":"publish","type":"page","link":"https:\/\/adiagri.com\/en\/gioi-thieu\/he-thong-phan-phoi\/","title":{"rendered":"Distribution System"},"content":{"rendered":"\n<figure class=\"wp-block-image size-full\"><a href=\"https:\/\/adiagri.com\/wp-content\/uploads\/2023\/12\/he-thong-pp_1.jpg\"><img loading=\"lazy\" width=\"960\" height=\"540\" src=\"https:\/\/adiagri.com\/wp-content\/uploads\/2023\/12\/he-thong-pp_1.jpg\" alt=\"\" class=\"wp-image-2357\"\/><\/a><\/figure>\n\n\n\n<p>ADI \u0111\u01b0\u1ee3c th\u00e0nh l\u1eadp t\u1eeb ng\u00e0y 30\/10\/2008 v\u1edbi s\u1ef1 quy t\u1ee5 c\u1ee7a nhi\u1ec1u chuy\u00ean gia trong l\u0129nh v\u1ef1c n\u00f4ng nghi\u1ec7p, ng\u00e2n h\u00e0ng, \u0111\u1ea7u t\u01b0 t\u00e0i ch\u00ednh. <\/p>\n\n\n\n<p>Hi\u1ec7n nay c\u00f4ng ty ADI \u0111ang c\u00f3 tr\u1ee5 s\u1edf ch\u00ednh t\u1ea1i H\u00e0 N\u1ed9i v\u00e0 3 chi nh\u00e1nh ch\u00ednh t\u1ea1i S\u01a1n La, Thanh H\u00f3a, TP. H\u1ed3 Ch\u00ed Minh v\u1edbi h\u01a1n 1500 \u0111\u1ea1i l\u00fd c\u1ea5p 1 v\u00e0 h\u00e0ng ngh\u00ecn \u0111i\u1ec3m b\u00e1n tr\u00ean to\u00e0n qu\u1ed1c.<\/p>\n\n\n\n<figure class=\"wp-block-image size-full\"><a href=\"https:\/\/adiagri.com\/wp-content\/uploads\/2023\/12\/he-thong-pp-2-1.jpg\"><img loading=\"lazy\" width=\"960\" height=\"540\" src=\"https:\/\/adiagri.com\/wp-content\/uploads\/2023\/12\/he-thong-pp-2-1.jpg\" alt=\"\" class=\"wp-image-2360\"\/><\/a><\/figure>\n","protected":false},"excerpt":{"rendered":"<p>ADI \u0111\u01b0\u1ee3c th\u00e0nh l\u1eadp t\u1eeb ng\u00e0y 30\/10\/2008 v\u1edbi s\u1ef1 quy t\u1ee5 c\u1ee7a nhi\u1ec1u chuy\u00ean gia trong l\u0129nh v\u1ef1c n\u00f4ng nghi\u1ec7p, ng\u00e2n h\u00e0ng, \u0111\u1ea7u t\u01b0 t\u00e0i ch\u00ednh. Hi\u1ec7n nay c\u00f4ng ty ADI \u0111ang c\u00f3 tr\u1ee5 s\u1edf ch\u00ednh t\u1ea1i H\u00e0 N\u1ed9i v\u00e0 3 chi nh\u00e1nh ch\u00ednh t\u1ea1i S\u01a1n La, Thanh H\u00f3a, TP. H\u1ed3 Ch\u00ed Minh v\u1edbi h\u01a1n [&hellip;]<\/p>\n","protected":false},"author":1,"featured_media":0,"parent":61,"menu_order":0,"comment_status":"closed","ping_status":"closed","template":"","meta":[],"_links":{"self":[{"href":"https:\/\/adiagri.com\/en\/wp-json\/wp\/v2\/pages\/157"}],"collection":[{"href":"https:\/\/adiagri.com\/en\/wp-json\/wp\/v2\/pages"}],"about":[{"href":"https:\/\/adiagri.com\/en\/wp-json\/wp\/v2\/types\/page"}],"author":[{"embeddable":true,"href":"https:\/\/adiagri.com\/en\/wp-json\/wp\/v2\/users\/1"}],"replies":[{"embeddable":true,"href":"https:\/\/adiagri.com\/en\/wp-json\/wp\/v2\/comments?post=157"}],"version-history":[{"count":7,"href":"https:\/\/adiagri.com\/en\/wp-json\/wp\/v2\/pages\/157\/revisions"}],"predecessor-version":[{"id":2383,"href":"https:\/\/adiagri.com\/en\/wp-json\/wp\/v2\/pages\/157\/revisions\/2383"}],"up":[{"embeddable":true,"href":"https:\/\/adiagri.com\/en\/wp-json\/wp\/v2\/pages\/61"}],"wp:attachment":[{"href":"https:\/\/adiagri.com\/en\/wp-json\/wp\/v2\/media?parent=157"}],"curies":[{"name":"wp","href":"https:\/\/api.w.org\/{rel}","templated":true}]}}