{"id":159,"date":"2018-01-10T14:34:49","date_gmt":"2018-01-10T07:34:49","guid":{"rendered":"http:\/\/adi.loc\/?page_id=159"},"modified":"2023-12-15T15:32:00","modified_gmt":"2023-12-15T08:32:00","slug":"doi-tac","status":"publish","type":"page","link":"https:\/\/adiagri.com\/en\/gioi-thieu\/doi-tac\/","title":{"rendered":"Partner"},"content":{"rendered":"\n<figure class=\"wp-block-image size-full\"><a href=\"https:\/\/adiagri.com\/wp-content\/uploads\/2023\/12\/Gioi-thieu-ADI.jpg\"><img loading=\"lazy\" width=\"960\" height=\"540\" src=\"https:\/\/adiagri.com\/wp-content\/uploads\/2023\/12\/Gioi-thieu-ADI.jpg\" alt=\"\" class=\"wp-image-2340\"\/><\/a><\/figure>\n\n\n\n<figure class=\"wp-block-image size-full\"><a href=\"https:\/\/adiagri.com\/wp-content\/uploads\/2023\/12\/doi-tac-1.jpg\"><img loading=\"lazy\" width=\"960\" height=\"540\" src=\"https:\/\/adiagri.com\/wp-content\/uploads\/2023\/12\/doi-tac-1.jpg\" alt=\"\" class=\"wp-image-2341\"\/><\/a><\/figure>\n\n\n\n<p>Tr\u1ea3i qua 15 n\u0103m ph\u00e1t tri\u1ec3n v\u1edbi vi\u1ec7c ch\u1ee9ng minh \u0111\u01b0\u1ee3c n\u0103ng l\u1ef1c v\u00e0 uy t\u00edn c\u1ee7a m\u00ecnh, ADI \u0111\u00e3 li\u00ean k\u1ebft v\u1edbi r\u1ea5t nhi\u1ec1u \u0111\u1ed1i t\u00e1c chi\u1ebfn l\u01b0\u1ee3c l\u00e0 c\u00e1c c\u00f4ng ty h\u00e0ng \u0111\u1ea7u tr\u00ean th\u1ebf gi\u1edbi v\u1ec1 l\u0129nh v\u1ef1c n\u00f4ng nghi\u1ec7p, \u0111\u1ebfn t\u1eeb c\u00e1c qu\u1ed1c gia nh\u01b0 Trung Qu\u1ed1c, Hoa K\u1ef3, Th\u00e1i Lan, \u0110\u1ee9c, \u1ea4n \u0110\u1ed9, Malaysia, H\u00e0n Qu\u1ed1c, Nh\u1eadt B\u1ea3n&#8230; trong vi\u1ec7c cung \u1ee9ng h\u1ea1t gi\u1ed1ng, thu\u1ed1c b\u1ea3o v\u1ec7 th\u1ef1c v\u1eadt v\u00e0 ph\u00e2n b\u00f3n c\u00f3 ch\u1ea5t l\u01b0\u1ee3ng t\u1ed1t nh\u1ea5t ra th\u1ecb tr\u01b0\u1eddng.<\/p>\n\n\n\n<figure class=\"wp-block-image size-full\"><a href=\"https:\/\/adiagri.com\/wp-content\/uploads\/2023\/12\/doi-tac-2.jpg\"><img loading=\"lazy\" width=\"960\" height=\"540\" src=\"https:\/\/adiagri.com\/wp-content\/uploads\/2023\/12\/doi-tac-2.jpg\" alt=\"\" class=\"wp-image-2342\"\/><\/a><\/figure>\n\n\n\n<figure class=\"wp-block-image size-full\"><a href=\"https:\/\/adiagri.com\/wp-content\/uploads\/2023\/12\/doi-tac-3.jpg\"><img loading=\"lazy\" width=\"960\" height=\"540\" src=\"https:\/\/adiagri.com\/wp-content\/uploads\/2023\/12\/doi-tac-3.jpg\" alt=\"\" class=\"wp-image-2343\"\/><\/a><figcaption>\u0110\u1ed1i t\u00e1c cung \u1ee9ng thu\u1ed1c b\u1ea3o v\u1ec7 th\u1ef1c v\u1eadt<\/figcaption><\/figure>\n\n\n\n<figure class=\"wp-block-image size-full\"><a href=\"https:\/\/adiagri.com\/wp-content\/uploads\/2023\/12\/doi-tac-4.jpg\"><img loading=\"lazy\" width=\"960\" height=\"540\" src=\"https:\/\/adiagri.com\/wp-content\/uploads\/2023\/12\/doi-tac-4.jpg\" alt=\"\" class=\"wp-image-2346\"\/><\/a><figcaption>\u0110\u1ed1i t\u00e1c cung \u1ee9ng h\u1ea1t gi\u1ed1ng<\/figcaption><\/figure>\n\n\n\n<figure class=\"wp-block-image size-full\"><a href=\"https:\/\/adiagri.com\/wp-content\/uploads\/2023\/12\/doi-tac-5.jpg\"><img loading=\"lazy\" width=\"960\" height=\"540\" src=\"https:\/\/adiagri.com\/wp-content\/uploads\/2023\/12\/doi-tac-5.jpg\" alt=\"\" class=\"wp-image-2350\"\/><\/a><figcaption>\u0110\u1ed1i t\u00e1c cung \u1ee9ng ph\u00e2n b\u00f3n<\/figcaption><\/figure>\n\n\n\n<p>&#8212;&#8212;&#8212;&#8212;&#8212;&#8212;&#8212;&#8212;&#8212;&#8212;&#8212;&#8212;- <\/p>\n\n\n\n<p>C\u00d4NG TY CP \u0110\u1ea6U T\u01af TM &amp; PT N\u00d4NG NGHI\u1ec6P ADI <\/p>\n\n\n\n<p>\u260e\ufe0f Hotline: 02435400598 <\/p>\n\n\n\n<p>\ud83c\udf0f Website: https:\/\/adiagri.com\/ <\/p>\n\n\n\n<p>\ud83c\udf0f Youtube: https:\/\/www.youtube.com\/adiagri09 <\/p>\n\n\n\n<p>\ud83c\udf0f Zalo: https:\/\/zalo.me\/4006987467769156086 <\/p>\n\n\n\n<p>\ud83d\udc49 Website \u0111\u1eb7t h\u00e0ng: https:\/\/nongnghiepadi.vn\/ <\/p>\n\n\n\n<p>\ud83d\udd25 Mua h\u00e0ng t\u00edch \u0111i\u1ec3m \u0111\u1ed5i th\u01b0\u1edfng: https:\/\/zalo.me\/s\/4152668313814075102\/ <\/p>\n\n\n\n<p>\ud83d\udc49 Shopee: https:\/\/shopee.vn\/nongnghiepadi<\/p>\n\n\n\n<p class=\"has-text-align-right\"><strong><em>AnhVTV \u2013 Truy\u1ec1n th\u00f4ng ADI<\/em><\/strong><\/p>\n","protected":false},"excerpt":{"rendered":"<p>Tr\u1ea3i qua 15 n\u0103m ph\u00e1t tri\u1ec3n v\u1edbi vi\u1ec7c ch\u1ee9ng minh \u0111\u01b0\u1ee3c n\u0103ng l\u1ef1c v\u00e0 uy t\u00edn c\u1ee7a m\u00ecnh, ADI \u0111\u00e3 li\u00ean k\u1ebft v\u1edbi r\u1ea5t nhi\u1ec1u \u0111\u1ed1i t\u00e1c chi\u1ebfn l\u01b0\u1ee3c l\u00e0 c\u00e1c c\u00f4ng ty h\u00e0ng \u0111\u1ea7u tr\u00ean th\u1ebf gi\u1edbi v\u1ec1 l\u0129nh v\u1ef1c n\u00f4ng nghi\u1ec7p, \u0111\u1ebfn t\u1eeb c\u00e1c qu\u1ed1c gia nh\u01b0 Trung Qu\u1ed1c, Hoa K\u1ef3, Th\u00e1i Lan, [&hellip;]<\/p>\n","protected":false},"author":1,"featured_media":0,"parent":61,"menu_order":0,"comment_status":"closed","ping_status":"closed","template":"","meta":[],"_links":{"self":[{"href":"https:\/\/adiagri.com\/en\/wp-json\/wp\/v2\/pages\/159"}],"collection":[{"href":"https:\/\/adiagri.com\/en\/wp-json\/wp\/v2\/pages"}],"about":[{"href":"https:\/\/adiagri.com\/en\/wp-json\/wp\/v2\/types\/page"}],"author":[{"embeddable":true,"href":"https:\/\/adiagri.com\/en\/wp-json\/wp\/v2\/users\/1"}],"replies":[{"embeddable":true,"href":"https:\/\/adiagri.com\/en\/wp-json\/wp\/v2\/comments?post=159"}],"version-history":[{"count":5,"href":"https:\/\/adiagri.com\/en\/wp-json\/wp\/v2\/pages\/159\/revisions"}],"predecessor-version":[{"id":2351,"href":"https:\/\/adiagri.com\/en\/wp-json\/wp\/v2\/pages\/159\/revisions\/2351"}],"up":[{"embeddable":true,"href":"https:\/\/adiagri.com\/en\/wp-json\/wp\/v2\/pages\/61"}],"wp:attachment":[{"href":"https:\/\/adiagri.com\/en\/wp-json\/wp\/v2\/media?parent=159"}],"curies":[{"name":"wp","href":"https:\/\/api.w.org\/{rel}","templated":true}]}}