{"id":63,"date":"2018-01-10T10:48:24","date_gmt":"2018-01-10T03:48:24","guid":{"rendered":"http:\/\/adi.loc\/?page_id=63"},"modified":"2023-12-16T14:39:34","modified_gmt":"2023-12-16T07:39:34","slug":"ve-chung-toi","status":"publish","type":"page","link":"https:\/\/adiagri.com\/en\/gioi-thieu\/ve-chung-toi\/","title":{"rendered":"About Us"},"content":{"rendered":"\n<figure class=\"wp-block-image size-full\"><a href=\"https:\/\/adiagri.com\/wp-content\/uploads\/2023\/12\/adi.jpg\"><img loading=\"lazy\" width=\"960\" height=\"540\" src=\"https:\/\/adiagri.com\/wp-content\/uploads\/2023\/12\/adi.jpg\" alt=\"\" class=\"wp-image-2408\"\/><\/a><\/figure>\n\n\n\n<p><strong>ADI n\u1ed7 l\u1ef1c h\u01b0\u1edbng t\u1edbi m\u1ee5c ti\u00eau ph\u00e1t tri\u1ec3n b\u1ec1n v\u1eefng v\u00e0 tr\u1edf th\u00e0nh m\u1ed9t c\u00f4ng ty h\u00e0ng \u0111\u1ea7u c\u1ee7a Vi\u1ec7t Nam cung c\u1ea5p c\u00e1c gi\u1ea3i ph\u00e1p c\u00e2y tr\u1ed3ng t\u1ed1i \u01b0u cho n\u00f4ng d\u00e2n<\/strong><\/p>\n\n\n\n<figure class=\"wp-block-image size-full\"><a href=\"https:\/\/adiagri.com\/wp-content\/uploads\/2023\/12\/ve-chung-toi-1.jpg\"><img loading=\"lazy\" width=\"960\" height=\"540\" src=\"https:\/\/adiagri.com\/wp-content\/uploads\/2023\/12\/ve-chung-toi-1.jpg\" alt=\"\" class=\"wp-image-2409\"\/><\/a><\/figure>\n\n\n\n<p><strong><em>Ng\u00e0nh ngh\u1ec1 kinh doanh c\u1ee7a ADI<\/em><\/strong>:<\/p>\n\n\n\n<ul><li>Bu\u00f4n b\u00e1n thu\u1ed1c BVTV<\/li><li>Bu\u00f4n b\u00e1n &amp; S\u1ea3n xu\u1ea5t ph\u00e2n b\u00f3n &amp; H\u00f3a ch\u1ea5t<\/li><li>Bu\u00f4n b\u00e1n v\u00e0 s\u1ea3n xu\u1ea5t h\u1ea1t gi\u1ed1ng<\/li><li>Kinh doanh l\u01b0\u01a1ng th\u1ef1c , n\u00f4ng s\u1ea3n,&#8230;<\/li><li>Kinh doanh gi\u1ed1ng c\u00e2y tr\u1ed3ng v\u1eadt nu\u00f4i.<\/li><li>Xu\u1ea5t nh\u1eadn kh\u1ea9u h\u00e0ng h\u00f3a c\u00f4ng ty kinh doanh.<\/li><\/ul>\n\n\n\n<figure class=\"wp-block-image size-full\"><a href=\"https:\/\/adiagri.com\/wp-content\/uploads\/2023\/12\/triet-ly-chien-luoc.jpg\"><img loading=\"lazy\" width=\"960\" height=\"540\" src=\"https:\/\/adiagri.com\/wp-content\/uploads\/2023\/12\/triet-ly-chien-luoc.jpg\" alt=\"\" class=\"wp-image-2411\"\/><\/a><\/figure>\n\n\n\n<p><strong><em>Chi\u1ebfn l\u01b0\u1ee3c kinh doanh c\u1ee7a ADI<\/em><\/strong>:<\/p>\n\n\n\n<ul><li>ADI h\u1ee3p t\u00e1c v\u1edbi c\u00e1c \u0111\u1ed1i t\u00e1c trong v\u00e0 ngo\u00e0i n\u01b0\u1edbc \u0111\u1ec3 l\u00e0m ch\u1ee7 v\u00e0 \u0111i \u0111\u1ea7u c\u00e1c c\u00f4ng ngh\u1ec7 m\u1edbi nh\u1ea5t trong l\u0129nh v\u1ef1c N\u00d4NG NGHI\u1ec6P .<\/li><li>ADI x\u00e2y d\u1ef1ng \u0111\u01b0\u1ee3c \u0111\u1ed9i ng\u0169 gi\u00e0u tri th\u1ee9c, k\u1ef7 lu\u1eadt cao, c\u00f3 tinh th\u1ea7n \u0111o\u00e0n k\u1ebft \u2013 nh\u1ea5t tr\u00ed, n\u0103ng \u0111\u1ed9ng \u2013 s\u00e1ng t\u1ea1o trong t\u01b0 duy v\u00e0 h\u00e0nh \u0111\u1ed9ng .<\/li><li>ADI h\u01b0\u1edbng t\u1edbi ph\u1ee5c v\u1ee5 c\u00e1c kh\u00e1ch h\u00e0ng ch\u00ednh l\u00e0 c\u00e1c gi\u1ea3i ph\u00e1p, d\u1ecbch v\u1ee5 gi\u00e1 tr\u1ecb gia t\u0103ng .<\/li><li>ADI x\u00e2y d\u1ef1ng m\u1ed9t n\u1ec1n v\u0103n h\u00f3a doanh nghi\u1ec7p v\u1edbi nh\u1eefng n\u00e9t \u0111\u1eb7c th\u00f9, l\u00e0m n\u1ec1n t\u1ea3ng \u0111\u1ec3 v\u1eadn h\u00e0nh b\u1ed9 m\u00e1y c\u00f4ng ty \u0111i \u0111\u1ebfn \u0111\u1ec9nh cao vinh quang ADI ph\u00e1t tri\u1ec3n theo h\u01b0\u1edbng ng\u00e0nh m\u0169i nh\u1ecdn l\u00e0: Ng\u00e0nh Thu\u1ed1c BVTV, Ng\u00e0nh gi\u1ed1ng , Ph\u00e2n b\u00f3n , Ch\u1ebf bi\u1ebfn n\u00f4ng s\u1ea3n xu\u1ea5t kh\u1ea9u,&#8230;<\/li><\/ul>\n","protected":false},"excerpt":{"rendered":"<p>ADI n\u1ed7 l\u1ef1c h\u01b0\u1edbng t\u1edbi m\u1ee5c ti\u00eau ph\u00e1t tri\u1ec3n b\u1ec1n v\u1eefng v\u00e0 tr\u1edf th\u00e0nh m\u1ed9t c\u00f4ng ty h\u00e0ng \u0111\u1ea7u c\u1ee7a Vi\u1ec7t Nam cung c\u1ea5p c\u00e1c gi\u1ea3i ph\u00e1p c\u00e2y tr\u1ed3ng t\u1ed1i \u01b0u cho n\u00f4ng d\u00e2n Ng\u00e0nh ngh\u1ec1 kinh doanh c\u1ee7a ADI: Bu\u00f4n b\u00e1n thu\u1ed1c BVTV Bu\u00f4n b\u00e1n &amp; S\u1ea3n xu\u1ea5t ph\u00e2n b\u00f3n &amp; H\u00f3a ch\u1ea5t Bu\u00f4n [&hellip;]<\/p>\n","protected":false},"author":1,"featured_media":0,"parent":61,"menu_order":0,"comment_status":"closed","ping_status":"closed","template":"","meta":[],"_links":{"self":[{"href":"https:\/\/adiagri.com\/en\/wp-json\/wp\/v2\/pages\/63"}],"collection":[{"href":"https:\/\/adiagri.com\/en\/wp-json\/wp\/v2\/pages"}],"about":[{"href":"https:\/\/adiagri.com\/en\/wp-json\/wp\/v2\/types\/page"}],"author":[{"embeddable":true,"href":"https:\/\/adiagri.com\/en\/wp-json\/wp\/v2\/users\/1"}],"replies":[{"embeddable":true,"href":"https:\/\/adiagri.com\/en\/wp-json\/wp\/v2\/comments?post=63"}],"version-history":[{"count":3,"href":"https:\/\/adiagri.com\/en\/wp-json\/wp\/v2\/pages\/63\/revisions"}],"predecessor-version":[{"id":2415,"href":"https:\/\/adiagri.com\/en\/wp-json\/wp\/v2\/pages\/63\/revisions\/2415"}],"up":[{"embeddable":true,"href":"https:\/\/adiagri.com\/en\/wp-json\/wp\/v2\/pages\/61"}],"wp:attachment":[{"href":"https:\/\/adiagri.com\/en\/wp-json\/wp\/v2\/media?parent=63"}],"curies":[{"name":"wp","href":"https:\/\/api.w.org\/{rel}","templated":true}]}}