{"id":65,"date":"2018-01-10T10:48:53","date_gmt":"2018-01-10T03:48:53","guid":{"rendered":"http:\/\/adi.loc\/?page_id=65"},"modified":"2018-04-28T14:13:26","modified_gmt":"2018-04-28T07:13:26","slug":"co-so-vat-chat","status":"publish","type":"page","link":"https:\/\/adiagri.com\/en\/gioi-thieu\/co-so-vat-chat\/","title":{"rendered":"Infrastructure"},"content":{"rendered":"<p class=\"qtranxs-available-languages-message qtranxs-available-languages-message-en\">Sorry, this entry is only available in <a href=\"https:\/\/adiagri.com\/vi\/wp-json\/wp\/v2\/pages\/65\" class=\"qtranxs-available-language-link qtranxs-available-language-link-vi\" title=\"Ti\u1ebfng Vi\u1ec7t\">Vietnamese<\/a>. For the sake of viewer convenience, the content is shown below in the alternative language. You may click the link to switch the active language.<\/p><p><strong>C\u00d4NG TY C\u1ed4 PH\u1ea6N \u0110\u1ea6U T\u01af TH\u01af\u01a0NG M\u1ea0I &amp; PH\u00c1T TRI\u1ec2N N\u00d4NG NGHI\u1ec6P ADI<br \/>\nADI Agricuture Development and Trading Investment Joint Stock Company<\/strong><br \/>\nTr\u1ee5 s\u1edf : S\u1ed1 2 \u2013 \u0110\u01b0\u1eddng \u0110\u1ea1i T\u1eeb \u2013 Ph\u01b0\u1eddng \u0110\u1ea1i Kim \u2013Qu\u1eadn Ho\u00e0ng Mai \u2013 TP H\u00e0 N\u1ed9i .<br \/>\n\u0110i\u1ec7n Tho\u1ea1i : 043.5400598<br \/>\nFax : 043.5400599<br \/>\nEmail : adiagri09@gmail.com<\/p>\n<p>VPGD : 53F3- \u0110\u00f4 th\u1ecb \u0110\u1ea1i Kim \u2013Qu\u1eadn Ho\u00e0ng Mai \u2013 TP H\u00e0 N\u1ed9i .<br \/>\n\u0110i\u1ec7n Tho\u1ea1i : 043.5400598<br \/>\nFax : 043.5400599<br \/>\nEmail : adiagri09@gmail.com<\/p>\n<p><strong>1. Cty TNHH VINO : 62A, T\u1ec9nh l\u1ed9 763, Xu\u00e2n B\u1eafc, Xu\u00e2n L\u1ed9c, \u0110\u1ed3ng Nai<\/strong><br \/>\n\u0110i\u1ec7n tho\u1ea1i : 0613 732 099<br \/>\nFax : 0613 732 100 .<br \/>\nEmail : thongtinkhachhang@vietnongseed.com<\/p>\n<p><strong>2. Cty TNHH TUNG DUONG : S\u1ed1 19 \u2013 \u0110\u01b0\u1eddng 6 \u2013 F6- Qu\u1eadn G\u00f2 V\u1ea5p \u2013 TP. H\u1ed3 Ch\u00ed Minh.<\/strong><br \/>\n\u0110i\u1ec7n tho\u1ea1i : 083.9893837<br \/>\nFax : 083.9893837<\/p>\n<p><strong>3. Cty TNHH N\u00d4NG PH\u00da NGUY\u00caN : Huy\u1ec7n An Ph\u00fa \u2013 t\u1ec9nh An Giang<\/strong><br \/>\n\u0110i\u1ec7n tho\u1ea1i : 076 3570245<br \/>\nFax : 076 3570244<\/p>\n<p><strong>4. Cty TNHH TRANG N\u00d4NG : 2E \u2013 2 F L\u00ea Quang Sung, P.2, Q.6, TP. HCM<\/strong><br \/>\n\u0110i\u1ec7n tho\u1ea1i : (84.8) 3969.0931<br \/>\nFax : (84.8) 3969.1563<\/p>\n<p><strong>CHI NH\u00c1NH TP. H\u1ed2 CH\u00cd MINH<\/strong><br \/>\n27R \u2013 \u0110\u01b0\u1eddng B\u00ecnh Ph\u00fa \u2013 Ph\u01b0\u1eddng 10 \u2013 Qu\u1eadn 6, TP. H\u1ed3 Ch\u00ed Minh<br \/>\nTel: 087.3035.599\u00a0\u00a0 Fax: 087.3024599<br \/>\nHotline: 0904.022.055<\/p>","protected":false},"excerpt":{"rendered":"<p>Sorry, this entry is only available in Vietnamese. For the sake of viewer convenience, the content is shown below in the alternative language. You may click the link to switch the active language.C\u00d4NG TY C\u1ed4 PH\u1ea6N \u0110\u1ea6U T\u01af TH\u01af\u01a0NG M\u1ea0I &amp; PH\u00c1T TRI\u1ec2N N\u00d4NG NGHI\u1ec6P ADI ADI Agricuture Development and Trading Investment Joint Stock Company [&hellip;]<\/p>\n","protected":false},"author":1,"featured_media":0,"parent":61,"menu_order":0,"comment_status":"closed","ping_status":"closed","template":"","meta":[],"_links":{"self":[{"href":"https:\/\/adiagri.com\/en\/wp-json\/wp\/v2\/pages\/65"}],"collection":[{"href":"https:\/\/adiagri.com\/en\/wp-json\/wp\/v2\/pages"}],"about":[{"href":"https:\/\/adiagri.com\/en\/wp-json\/wp\/v2\/types\/page"}],"author":[{"embeddable":true,"href":"https:\/\/adiagri.com\/en\/wp-json\/wp\/v2\/users\/1"}],"replies":[{"embeddable":true,"href":"https:\/\/adiagri.com\/en\/wp-json\/wp\/v2\/comments?post=65"}],"version-history":[{"count":1,"href":"https:\/\/adiagri.com\/en\/wp-json\/wp\/v2\/pages\/65\/revisions"}],"predecessor-version":[{"id":666,"href":"https:\/\/adiagri.com\/en\/wp-json\/wp\/v2\/pages\/65\/revisions\/666"}],"up":[{"embeddable":true,"href":"https:\/\/adiagri.com\/en\/wp-json\/wp\/v2\/pages\/61"}],"wp:attachment":[{"href":"https:\/\/adiagri.com\/en\/wp-json\/wp\/v2\/media?parent=65"}],"curies":[{"name":"wp","href":"https:\/\/api.w.org\/{rel}","templated":true}]}}