{"id":840,"date":"2018-05-03T17:06:08","date_gmt":"2018-05-03T10:06:08","guid":{"rendered":"http:\/\/adiagri.com\/?page_id=840"},"modified":"2023-12-15T16:45:02","modified_gmt":"2023-12-15T09:45:02","slug":"day-chuyen-thiet-bi","status":"publish","type":"page","link":"https:\/\/adiagri.com\/en\/day-chuyen-thiet-bi\/","title":{"rendered":"D\u00e2y chuy\u1ec1n thi\u1ebft b\u1ecb"},"content":{"rendered":"\n<p>X\u00e2y d\u1ef1ng m\u1ee5c ti\u00eau ph\u00e1t tri\u1ec3n l\u00e2u d\u00e0i v\u00e0 b\u1ec1n v\u1eefng \u0111\u1ed1i v\u1edbi c\u00e1c nh\u00e0 ph\u00e2n ph\u1ed1i trong v\u00e0 ngo\u00e0i n\u01b0\u1edbc l\u00e0 m\u1ee5c ti\u00eau ch\u00ednh c\u1ee7a ADI nh\u1eb1m \u0111\u1ea3m b\u1ea3o \u0111\u01b0a ra s\u1ea3n ph\u1ea9m kh\u00f4ng nh\u1eefng \u1ed5n \u0111\u1ecbnh v\u1ec1 ch\u1ea5t l\u01b0\u1ee3ng cao c\u1ea5p m\u00e0 c\u00f2n \u1edf gi\u00e1 c\u1ea3 r\u1ea5t c\u1ea1nh tranh.<\/p>\n\n\n\n<figure class=\"wp-block-image size-full\"><a href=\"https:\/\/adiagri.com\/wp-content\/uploads\/2023\/12\/nha-may-hana.jpg\"><img loading=\"lazy\" width=\"960\" height=\"540\" src=\"https:\/\/adiagri.com\/wp-content\/uploads\/2023\/12\/nha-may-hana.jpg\" alt=\"\" class=\"wp-image-2368\"\/><\/a><\/figure>\n\n\n\n<p>Ngo\u00e0i vi\u1ec7c nh\u1eadp kh\u1ea9u m\u1ed9t s\u1ed1 ngu\u1ed3n nguy\u00ean li\u1ec7u t\u1eeb n\u01b0\u1edbc ngo\u00e0i, ADI \u0111\u00e3 ch\u1ee7 \u0111\u1ed9ng \u0111\u1ea7u t\u01b0 x\u00e2y d\u1ef1ng 3 nh\u00e0 m\u00e1y: Trung t\u00e2m nghi\u00ean c\u1ee9u v\u00e0 ch\u1ebf bi\u1ebfn h\u1ea1t gi\u1ed1ng HANA, nh\u00e0 m\u00e1y B\u1ec9m S\u01a1n v\u00e0 nh\u00e0 m\u00e1y Long An \u0111\u1ec3 t\u1ea1o n\u00ean quy tr\u00ecnh s\u1ea3n xu\u1ea5t, \u0111\u00f3ng g\u00f3i theo ti\u00eau chu\u1ea9n, \u0111\u01b0a c\u00e1c s\u1ea3n ph\u1ea9m \u0111\u1ea1t ch\u1ea5t l\u01b0\u1ee3ng t\u1ed1t nh\u1ea5t ra th\u1ecb tr\u01b0\u1eddng.<\/p>\n\n\n\n<figure class=\"wp-block-image size-full\"><a href=\"https:\/\/adiagri.com\/wp-content\/uploads\/2023\/12\/nha-may-bim-son.jpg\"><img loading=\"lazy\" width=\"960\" height=\"540\" src=\"https:\/\/adiagri.com\/wp-content\/uploads\/2023\/12\/nha-may-bim-son.jpg\" alt=\"\" class=\"wp-image-2369\"\/><\/a><\/figure>\n\n\n\n<p>C\u00e1c s\u1ea3n ph\u1ea9m c\u1ee7a ADI \u0111\u01b0\u1ee3c s\u1ea3n xu\u1ea5t, \u0111\u00f3ng g\u00f3i tr\u00ean h\u1ec7 th\u1ed1ng m\u00e1y m\u00f3c thi\u1ebft b\u1ecb hi\u1ec7n \u0111\u1ea1i v\u00e0 \u0111\u01b0\u1ee3c ki\u1ec3m so\u00e1t ch\u1eb7t ch\u1ebd b\u1edfi nh\u00f3m chuy\u00ean gia v\u1edbi nhi\u1ec1u n\u0103m kinh nghi\u1ec7m, t\u1eeb nguy\u00ean li\u1ec7u \u0111\u1ea7u v\u00e0o; v\u1ec7 sinh m\u00e1y m\u00f3c thi\u1ebft b\u1ecb v\u00e0 ph\u00e2n x\u01b0\u1edfng s\u1ea3n xu\u1ea5t; qu\u00e1 tr\u00ecnh s\u1ea3n xu\u1ea5t \u0111\u1ebfn khi xu\u1ea5t h\u00e0ng.<\/p>\n\n\n\n<p>Ch\u00fang t\u00f4i t\u1ef1 tin kh\u1eb3ng \u0111\u1ecbnh, v\u1edbi quy tr\u00ecnh ki\u1ec3m so\u00e1t c\u1ee7a m\u00ecnh c\u00f9ng v\u1edbi s\u1ef1 gi\u00e1m s\u00e1t ch\u1eb7t ch\u1ebd c\u1ee7a c\u00e1c c\u01a1 quan ch\u1ee9c n\u0103ng, c\u00e1c s\u1ea3n ph\u1ea9m c\u1ee7a ADI khi xu\u1ea5t h\u00e0ng \u0111\u1ec1u \u0111\u1ea3m b\u1ea3o ch\u1ea5t l\u01b0\u1ee3ng t\u1ed1t nh\u1ea5t.<\/p>\n\n\n\n<figure class=\"wp-block-image size-full\"><a href=\"https:\/\/adiagri.com\/wp-content\/uploads\/2023\/12\/nha-may-long-an.jpg\"><img loading=\"lazy\" width=\"960\" height=\"540\" src=\"https:\/\/adiagri.com\/wp-content\/uploads\/2023\/12\/nha-may-long-an.jpg\" alt=\"\" class=\"wp-image-2370\"\/><\/a><\/figure>\n\n\n\n<p><\/p>\n","protected":false},"excerpt":{"rendered":"<p>X\u00e2y d\u1ef1ng m\u1ee5c ti\u00eau ph\u00e1t tri\u1ec3n l\u00e2u d\u00e0i v\u00e0 b\u1ec1n v\u1eefng \u0111\u1ed1i v\u1edbi c\u00e1c nh\u00e0 ph\u00e2n ph\u1ed1i trong v\u00e0 ngo\u00e0i n\u01b0\u1edbc l\u00e0 m\u1ee5c ti\u00eau ch\u00ednh c\u1ee7a ADI nh\u1eb1m \u0111\u1ea3m b\u1ea3o \u0111\u01b0a ra s\u1ea3n ph\u1ea9m kh\u00f4ng nh\u1eefng \u1ed5n \u0111\u1ecbnh v\u1ec1 ch\u1ea5t l\u01b0\u1ee3ng cao c\u1ea5p m\u00e0 c\u00f2n \u1edf gi\u00e1 c\u1ea3 r\u1ea5t c\u1ea1nh tranh. Ngo\u00e0i vi\u1ec7c nh\u1eadp kh\u1ea9u [&hellip;]<\/p>\n","protected":false},"author":1,"featured_media":0,"parent":0,"menu_order":0,"comment_status":"closed","ping_status":"closed","template":"","meta":[],"_links":{"self":[{"href":"https:\/\/adiagri.com\/en\/wp-json\/wp\/v2\/pages\/840"}],"collection":[{"href":"https:\/\/adiagri.com\/en\/wp-json\/wp\/v2\/pages"}],"about":[{"href":"https:\/\/adiagri.com\/en\/wp-json\/wp\/v2\/types\/page"}],"author":[{"embeddable":true,"href":"https:\/\/adiagri.com\/en\/wp-json\/wp\/v2\/users\/1"}],"replies":[{"embeddable":true,"href":"https:\/\/adiagri.com\/en\/wp-json\/wp\/v2\/comments?post=840"}],"version-history":[{"count":9,"href":"https:\/\/adiagri.com\/en\/wp-json\/wp\/v2\/pages\/840\/revisions"}],"predecessor-version":[{"id":2385,"href":"https:\/\/adiagri.com\/en\/wp-json\/wp\/v2\/pages\/840\/revisions\/2385"}],"wp:attachment":[{"href":"https:\/\/adiagri.com\/en\/wp-json\/wp\/v2\/media?parent=840"}],"curies":[{"name":"wp","href":"https:\/\/api.w.org\/{rel}","templated":true}]}}